{"id":259,"date":"2020-01-20T18:57:55","date_gmt":"2020-01-20T17:57:55","guid":{"rendered":"http:\/\/seibeweglich.at\/wordpress\/?page_id=259"},"modified":"2023-01-04T13:23:07","modified_gmt":"2023-01-04T12:23:07","slug":"frausein","status":"publish","type":"page","link":"http:\/\/seibeweglich.at\/wordpress\/frausein\/","title":{"rendered":"Frau Sein"},"content":{"rendered":"\n<div class=\"wp-block-media-text alignwide has-media-on-the-right is-stacked-on-mobile is-vertically-aligned-top\" style=\"grid-template-columns:auto 24%\"><figure class=\"wp-block-media-text__media\"><img loading=\"lazy\" decoding=\"async\" width=\"576\" height=\"1024\" src=\"http:\/\/seibeweglich.at\/wordpress\/wp-content\/uploads\/2021\/03\/IMG_1210-576x1024.png\" alt=\"\" class=\"wp-image-595\" srcset=\"http:\/\/seibeweglich.at\/wordpress\/wp-content\/uploads\/2021\/03\/IMG_1210-576x1024.png 576w, http:\/\/seibeweglich.at\/wordpress\/wp-content\/uploads\/2021\/03\/IMG_1210-169x300.png 169w, http:\/\/seibeweglich.at\/wordpress\/wp-content\/uploads\/2021\/03\/IMG_1210-500x889.png 500w, http:\/\/seibeweglich.at\/wordpress\/wp-content\/uploads\/2021\/03\/IMG_1210.png 750w\" sizes=\"auto, (max-width: 576px) 100vw, 576px\" \/><\/figure><div class=\"wp-block-media-text__content\">\n<p class=\"has-text-align-left has-large-font-size\">Schwangerschaft<\/p>\n\n\n\n<p>\n\nDie <strong>Akupunkturmassage<\/strong> harmonisiert den Energiefluss der Frau. Sie unterst\u00fctzt somit die Phasen der Empf\u00e4ngnis, Schwangerschaft, Geburt und dar\u00fcber hinaus. Erfahrungen aus meiner Therapie zeigen, dass durch einen w\u00f6chentlichen Energieausgleich w\u00e4hrend der Schwangerschaft, die Geburt harmonischer und sanfter verl\u00e4uft.  <\/p>\n\n\n\n<p><strong>Medi-Taping<\/strong> als Unterst\u00fctzung w\u00e4hrend der Schwangerschaft.<\/p>\n\n\n\n<p>Narbenbehandlung und <strong>Narbenentst\u00f6rung<\/strong> nach der Geburt.<\/p>\n\n\n\n<p>R\u00fcckbildungsgymnastik und Beckenbodentraining als wichtiger Beitrag um eine rasche Genesung der Muskulatur zu erreichen.\n\n<\/p>\n<\/div><\/div>\n\n\n\n<p><\/p>\n\n\n\n<p><a href=\"http:\/\/seibeweglich.at\/wordpress\/yin-yoga\/\">Yin Yoga &#8211; Weiblichkeit st\u00e4rken<\/a><\/p>\n\n\n\n<h2 class=\"wp-block-heading\">Periode<\/h2>\n\n\n\n<p>Es gibt viele Wege in der Therapie und Energiearbeit Periodenschmerzen zu lindern. <br><br><a href=\"http:\/\/seibeweglich.at\/wordpress\/yin-yoga\/\">Yin Yoga (Dehnen der Beckenb\u00e4nder)<\/a><br><img loading=\"lazy\" decoding=\"async\" width=\"150\" height=\"113\" class=\"wp-image-155\" style=\"width: 150px;\" src=\"http:\/\/seibeweglich.at\/wordpress\/wp-content\/uploads\/2016\/10\/IMG_1382.jpg\" alt=\"\" srcset=\"http:\/\/seibeweglich.at\/wordpress\/wp-content\/uploads\/2016\/10\/IMG_1382.jpg 1250w, http:\/\/seibeweglich.at\/wordpress\/wp-content\/uploads\/2016\/10\/IMG_1382-300x225.jpg 300w, http:\/\/seibeweglich.at\/wordpress\/wp-content\/uploads\/2016\/10\/IMG_1382-768x576.jpg 768w, http:\/\/seibeweglich.at\/wordpress\/wp-content\/uploads\/2016\/10\/IMG_1382-1024x768.jpg 1024w\" sizes=\"auto, (max-width: 150px) 100vw, 150px\" \/><br><br><a href=\"http:\/\/seibeweglich.at\/wordpress\/akupunkturmassage-nach-penzel\/\">Akupunkturmassage (Energieausgleich Organe und Beckenboden)<\/a>,<br><img loading=\"lazy\" decoding=\"async\" width=\"150\" height=\"84\" class=\"wp-image-403\" style=\"width: 150px;\" src=\"http:\/\/seibeweglich.at\/wordpress\/wp-content\/uploads\/2020\/04\/APM2.jpg\" alt=\"\" srcset=\"http:\/\/seibeweglich.at\/wordpress\/wp-content\/uploads\/2020\/04\/APM2.jpg 1920w, http:\/\/seibeweglich.at\/wordpress\/wp-content\/uploads\/2020\/04\/APM2-300x169.jpg 300w, http:\/\/seibeweglich.at\/wordpress\/wp-content\/uploads\/2020\/04\/APM2-1024x576.jpg 1024w, http:\/\/seibeweglich.at\/wordpress\/wp-content\/uploads\/2020\/04\/APM2-768x432.jpg 768w, http:\/\/seibeweglich.at\/wordpress\/wp-content\/uploads\/2020\/04\/APM2-1536x864.jpg 1536w, http:\/\/seibeweglich.at\/wordpress\/wp-content\/uploads\/2020\/04\/APM2-500x281.jpg 500w, http:\/\/seibeweglich.at\/wordpress\/wp-content\/uploads\/2020\/04\/APM2-800x450.jpg 800w, http:\/\/seibeweglich.at\/wordpress\/wp-content\/uploads\/2020\/04\/APM2-1280x720.jpg 1280w\" sizes=\"auto, (max-width: 150px) 100vw, 150px\" \/><br><br>Medi-Taping (Spannungsabbau),<br><img loading=\"lazy\" decoding=\"async\" width=\"150\" height=\"216\" class=\"wp-image-464\" style=\"width: 150px;\" src=\"http:\/\/seibeweglich.at\/wordpress\/wp-content\/uploads\/2020\/04\/20200322_161520.jpg\" alt=\"\" srcset=\"http:\/\/seibeweglich.at\/wordpress\/wp-content\/uploads\/2020\/04\/20200322_161520.jpg 1000w, http:\/\/seibeweglich.at\/wordpress\/wp-content\/uploads\/2020\/04\/20200322_161520-208x300.jpg 208w, http:\/\/seibeweglich.at\/wordpress\/wp-content\/uploads\/2020\/04\/20200322_161520-710x1024.jpg 710w, http:\/\/seibeweglich.at\/wordpress\/wp-content\/uploads\/2020\/04\/20200322_161520-768x1107.jpg 768w, http:\/\/seibeweglich.at\/wordpress\/wp-content\/uploads\/2020\/04\/20200322_161520-500x721.jpg 500w, http:\/\/seibeweglich.at\/wordpress\/wp-content\/uploads\/2020\/04\/20200322_161520-800x1154.jpg 800w\" sizes=\"auto, (max-width: 150px) 100vw, 150px\" \/><br><br><a href=\"http:\/\/seibeweglich.at\/wordpress\/emotionale-koerperarbeit\/\">Emotionale K\u00f6rperarbeit (Festgefahrene Themen l\u00f6sen)<\/a> usw. <\/p>\n\n\n<p><!--EndFragment--><\/p>","protected":false},"excerpt":{"rendered":"<p>Schwangerschaft Die Akupunkturmassage harmonisiert den Energiefluss der Frau. Sie unterst\u00fctzt somit die Phasen der Empf\u00e4ngnis, Schwangerschaft, Geburt und dar\u00fcber hinaus. Erfahrungen aus meiner Therapie zeigen, dass durch einen w\u00f6chentlichen Energieausgleich w\u00e4hrend der Schwangerschaft, die Geburt harmonischer und sanfter verl\u00e4uft. Medi-Taping als Unterst\u00fctzung w\u00e4hrend der Schwangerschaft. Narbenbehandlung und Narbenentst\u00f6rung nach der Geburt. R\u00fcckbildungsgymnastik und Beckenbodentraining als <a class=\"read-more\" href=\"http:\/\/seibeweglich.at\/wordpress\/frausein\/\">Read More<\/a><\/p>\n","protected":false},"author":1,"featured_media":0,"parent":0,"menu_order":6,"comment_status":"closed","ping_status":"closed","template":"template-full-width.php","meta":{"footnotes":""},"class_list":["post-259","page","type-page","status-publish","hentry"],"_links":{"self":[{"href":"http:\/\/seibeweglich.at\/wordpress\/wp-json\/wp\/v2\/pages\/259","targetHints":{"allow":["GET"]}}],"collection":[{"href":"http:\/\/seibeweglich.at\/wordpress\/wp-json\/wp\/v2\/pages"}],"about":[{"href":"http:\/\/seibeweglich.at\/wordpress\/wp-json\/wp\/v2\/types\/page"}],"author":[{"embeddable":true,"href":"http:\/\/seibeweglich.at\/wordpress\/wp-json\/wp\/v2\/users\/1"}],"replies":[{"embeddable":true,"href":"http:\/\/seibeweglich.at\/wordpress\/wp-json\/wp\/v2\/comments?post=259"}],"version-history":[{"count":16,"href":"http:\/\/seibeweglich.at\/wordpress\/wp-json\/wp\/v2\/pages\/259\/revisions"}],"predecessor-version":[{"id":623,"href":"http:\/\/seibeweglich.at\/wordpress\/wp-json\/wp\/v2\/pages\/259\/revisions\/623"}],"wp:attachment":[{"href":"http:\/\/seibeweglich.at\/wordpress\/wp-json\/wp\/v2\/media?parent=259"}],"curies":[{"name":"wp","href":"https:\/\/api.w.org\/{rel}","templated":true}]}}